{"id":133,"date":"2024-04-20T13:19:47","date_gmt":"2024-04-20T11:19:47","guid":{"rendered":"https:\/\/openparatennisduloiret.fr\/?page_id=133"},"modified":"2024-04-20T17:32:49","modified_gmt":"2024-04-20T15:32:49","slug":"presentation","status":"publish","type":"page","link":"https:\/\/openparatennisduloiret.fr\/index.php\/actualites\/presentation\/","title":{"rendered":"Pr\u00e9sentation"},"content":{"rendered":"\n<h2 class=\"wp-block-heading\">Historique de l&rsquo;Open Paratennis du Loiret<\/h2>\n\n\n\n<p>Le premier&nbsp;<strong>Open de l\u2019Orl\u00e9anais<\/strong>&nbsp;a eu lieu en&nbsp;<strong>2001&nbsp;<\/strong>sur les courts du&nbsp;<strong>CJF \u00e0 Saran<\/strong>. Il a \u00e9t\u00e9 mis en place suite \u00e0 l\u2019accueil des&nbsp;<strong>17e Championnats de France de tennis handisport en 2000<\/strong>. Le tournoi s\u2019est d\u00e9roul\u00e9 sur les courts ext\u00e9rieurs du&nbsp;<strong>Complexe de la For\u00eat<\/strong>&nbsp;chaque ann\u00e9e en septembre jusqu\u2019en 2004.<\/p>\n\n\n\n<p>Pour mieux r\u00e9pondre aux souhaits des joueurs, le tournoi a ensuite eu lieu sur les courts int\u00e9rieurs. Les dates ont alors \u00e9t\u00e9 modifi\u00e9es et le tournoi a lieu fin octobre depuis 2005, faisant de l\u2019Open de l\u2019Orl\u00e9anais le dernier tournoi de la saison qualificatif pour les Championnats de France. Cette place dans le calendrier est une v\u00e9ritable aubaine et nous assure d\u2019un niveau de jeu exceptionnel.<\/p>\n\n\n\n<p>En&nbsp;<strong>2005&nbsp;<\/strong>toujours, la ville d\u2019Orl\u00e9ans s\u2019est vue accueillir l\u2019Open d\u2019Orl\u00e9ans, le tournoi de tennis bien connu des Orl\u00e9anais, ce qui a entra\u00een\u00e9 un nouveau changement dans les dates pour des raisons de disponibilit\u00e9 des b\u00e9n\u00e9voles, qui sont indispensables aux deux tournois.<\/p>\n\n\n\n<p>En&nbsp;<strong>2011<\/strong>, le tournoi change de nom et devient l\u2019Open Tennis Handisport du Loiret pour ne plus confondre avec l\u2019Open d\u2019Orl\u00e9ans tournoi challenger.<\/p>\n\n\n\n<p>En&nbsp;<strong>2018<\/strong>, le tournoi change de nouveau de nom suite \u00e0 l\u2019int\u00e9gration du tennis fauteuil \u00e0 la FFT et devient l\u2019Open Paratennis du Loiret. Il devient international.<\/p>\n\n\n\n<p>En&nbsp;<strong>2022<\/strong>, les finales du tournois sont film\u00e9es et diffus\u00e9es en direct sur une cha\u00eene TV du cable.<\/p>\n\n\n\n<p>En\u00a0<strong>2023<\/strong>, le tournoi monte de cat\u00e9gorie pour passer en ITF2. Il passe de 4 \u00e0 5 jours.<\/p>\n\n\n\n<h2 class=\"wp-block-heading\">Les b\u00e9n\u00e9voles<\/h2>\n\n\n\n<p>Le tournoi a la chance chaque ann\u00e9e de pouvoir compter sur ses b\u00e9n\u00e9voles. Ils constituent d\u2019ailleurs la particularit\u00e9 de ce tournoi, puisque ceux-ci viennent tous d\u2019horizons diff\u00e9rents. En effet, l\u2019Open de l\u2019Orl\u00e9anais n\u2019est pas organis\u00e9 par un club de tennis valide, mais par des passionn\u00e9s de sport voulant mettre en avant le tennis fauteuil.<\/p>\n\n\n\n<h2 class=\"wp-block-heading\">Les tableaux<\/h2>\n\n\n\n<p>En 2023, Le nombre de joueurs augmente avec un tableau principal simple hommes de 24 joueurs, un tableau secondaire simple hommes de 12 joueurs, un tableau simple femmes de 16 joueuses et un tableau quads (cat\u00e9gorie sp\u00e9cifique du tennis-fauteuil concernant des joueurs qui au-del\u00e0 de l\u2019incapacit\u00e9 \u00e0 jouer debout, sont atteints d\u2019un handicap aux membres sup\u00e9rieurs) de 8 joueurs.<\/p>\n\n\n\n<p>L\u2019Open Paratennis du Loiret est un tournoi de niveau international (ITF2), il accueille d\u00e9sormais 60 joueurs, avec toujours cet esprit de&nbsp;<strong>convivialit\u00e9<\/strong>&nbsp;qui r\u00e8gne durant 5 jours.<\/p>\n\n\n\n<h2 class=\"wp-block-heading\">Les valeurs du tournoi<\/h2>\n\n\n\n<p><strong>L\u2019Open Paratennis du Loiret<\/strong>\u00a0a pour objectif de faire conna\u00eetre le tennis fauteuil aux personnes valides et handicap\u00e9es. Pour cela, les infrastructures sont\u00a0<strong>accessibles \u00e0 tous<\/strong>, et le public peut assister aux rencontres\u00a0<strong>gratuitement<\/strong>, et ce tout le week-end.<\/p>\n","protected":false},"excerpt":{"rendered":"<p>Historique de l&rsquo;Open Paratennis du Loiret Le premier&nbsp;Open de l\u2019Orl\u00e9anais&nbsp;a eu lieu en&nbsp;2001&nbsp;sur les courts du&nbsp;CJF \u00e0 Saran. Il a \u00e9t\u00e9 mis en place suite \u00e0 l\u2019accueil des&nbsp;17e Championnats de France de tennis handisport en 2000. Le tournoi s\u2019est d\u00e9roul\u00e9 sur les courts ext\u00e9rieurs du&nbsp;Complexe de la For\u00eat&nbsp;chaque ann\u00e9e en septembre jusqu\u2019en 2004. Pour mieux&hellip; <br \/> <a class=\"read-more\" href=\"https:\/\/openparatennisduloiret.fr\/index.php\/actualites\/presentation\/\">Lire la suite<\/a><\/p>\n","protected":false},"author":1,"featured_media":0,"parent":23,"menu_order":2,"comment_status":"closed","ping_status":"closed","template":"","meta":{"_monsterinsights_skip_tracking":false,"_monsterinsights_sitenote_active":false,"_monsterinsights_sitenote_note":"","_monsterinsights_sitenote_category":0,"_uf_show_specific_survey":0,"_uf_disable_surveys":false,"footnotes":""},"class_list":["post-133","page","type-page","status-publish","hentry"],"_links":{"self":[{"href":"https:\/\/openparatennisduloiret.fr\/index.php\/wp-json\/wp\/v2\/pages\/133","targetHints":{"allow":["GET"]}}],"collection":[{"href":"https:\/\/openparatennisduloiret.fr\/index.php\/wp-json\/wp\/v2\/pages"}],"about":[{"href":"https:\/\/openparatennisduloiret.fr\/index.php\/wp-json\/wp\/v2\/types\/page"}],"author":[{"embeddable":true,"href":"https:\/\/openparatennisduloiret.fr\/index.php\/wp-json\/wp\/v2\/users\/1"}],"replies":[{"embeddable":true,"href":"https:\/\/openparatennisduloiret.fr\/index.php\/wp-json\/wp\/v2\/comments?post=133"}],"version-history":[{"count":2,"href":"https:\/\/openparatennisduloiret.fr\/index.php\/wp-json\/wp\/v2\/pages\/133\/revisions"}],"predecessor-version":[{"id":443,"href":"https:\/\/openparatennisduloiret.fr\/index.php\/wp-json\/wp\/v2\/pages\/133\/revisions\/443"}],"up":[{"embeddable":true,"href":"https:\/\/openparatennisduloiret.fr\/index.php\/wp-json\/wp\/v2\/pages\/23"}],"wp:attachment":[{"href":"https:\/\/openparatennisduloiret.fr\/index.php\/wp-json\/wp\/v2\/media?parent=133"}],"curies":[{"name":"wp","href":"https:\/\/api.w.org\/{rel}","templated":true}]}}