{"id":135,"date":"2024-04-20T13:20:16","date_gmt":"2024-04-20T11:20:16","guid":{"rendered":"https:\/\/openparatennisduloiret.fr\/?page_id=135"},"modified":"2024-04-20T17:42:15","modified_gmt":"2024-04-20T15:42:15","slug":"organisation","status":"publish","type":"page","link":"https:\/\/openparatennisduloiret.fr\/index.php\/actualites\/organisation\/","title":{"rendered":"Organisation"},"content":{"rendered":"\n<h2 class=\"wp-block-heading\">AS HANDISPORT ORL\u00c9ANAIS<\/h2>\n\n\n\n<p>L\u2019ann\u00e9e 1973 voit la naissance de l\u2019association sportive des handicap\u00e9s de l\u2019orl\u00e9anais. Reconnue par le minist\u00e8re de la jeunesse et sport le 10 d\u00e9cembre 1973, elle deviendra en 1994 Association Handisport Orl\u00e9anais. Pr\u00e9sid\u00e9 par Alain Hardy, celle ci s\u2019affilie \u00e0 la FFHOP. Ce sont les sections natation (avec deux lignes d\u2019eau \u00e0 la piscine d\u2019Orl\u00e9ans La Source) et tennis de table (\u00e0 l\u2019association sportive des pieds blancs les Aydes, Orl\u00e9ans) qui s\u2019ouvrent avec 25 adh\u00e9rents. Le 18 novembre de cette m\u00eame ann\u00e9e est organis\u00e9 un premier tournoi basket\/ tennis de table.<\/p>\n\n\n\n<p>Les jeux paralympiques de Barcelone en 1992 seront une cons\u00e9cration pour le club avec 6 athl\u00e8tes s\u00e9lectionn\u00e9s et 6 m\u00e9dailles obtenus par eux : Fr\u00e9d\u00e9ric Delpy (natation) 2 m\u00e9dailles d\u2019argent en 100 m et 400 m nage libre et 1 de Bronze 100 m dos. Claude Chedeau (tennis de table) 1 m\u00e9daille d\u2019argent en \u00e9quipe. Daniel Hatton (tennis de table) 2 m\u00e9dailles de bronze, par \u00e9quipe et open individuel. Philippe Michoux (tir \u00e0 la cible) m\u00e9daille de bronze pistolet 10 m. Marina Souilijaert (tir \u00e0 la cible) et Anne Souilijaert (\u00e9quipe de France basket) reviendront sans m\u00e9daille. En 2000- Encore deux s\u00e9lectionn\u00e9s au jeux olympiques de Sydney : Fr\u00e9d\u00e9ric Delpy en natation (m\u00e9daille de bronze 400 m nage libre) et Nicole Michoux au tir \u00e0 la cible (m\u00e9daille d\u2019argent 50 m).<\/p>\n\n\n<div class=\"wp-block-image\">\n<figure class=\"aligncenter size-full\"><img loading=\"lazy\" decoding=\"async\" width=\"234\" height=\"273\" src=\"https:\/\/openparatennisduloiret.fr\/wp-content\/uploads\/2024\/04\/ASHO.png\" alt=\"\" class=\"wp-image-452\"\/><\/figure>\n<\/div>\n\n\n<h2 class=\"wp-block-heading\">LE CERCLE JULES FERRY TENNIS<\/h2>\n\n\n\n<h3 class=\"wp-block-heading\">Objet de l&rsquo;association<\/h3>\n\n\n\n<p>Le CJF Tennis est une association loi 1901 ayant pour objet la pratique du tennis.<\/p>\n\n\n\n<p>L\u2019association a&nbsp;<strong>355 adh\u00e9rents<\/strong>. Ces derniers se r\u00e9partissent en plusieurs cat\u00e9gories : les jeunes, les adultes, les personnes en situation d\u2019handicap.<br>Se distinguent deux sous cat\u00e9gories par groupe : les comp\u00e9titeurs et les loisirs. Des adh\u00e9rents peuvent provenir directement du monde de l\u2019entreprise. Le club propose des activit\u00e9s pouvant mener \u00e0 la comp\u00e9tition et au haut niveau ainsi qu\u2019\u00e0 une pratique purement loisir.<\/p>\n\n\n\n<h3 class=\"wp-block-heading\">Les valeurs de l&rsquo;association<\/h3>\n\n\n\n<p>Les valeurs pr\u00f4n\u00e9es sont :<\/p>\n\n\n\n<ul class=\"wp-block-list\">\n<li>la convivialit\u00e9,<\/li>\n\n\n\n<li>la solidarit\u00e9 et l\u2019entraide entre les adh\u00e9rents,<\/li>\n\n\n\n<li>le d\u00e9passement de soi, le go\u00fbt de l\u2019effort, du travail individuel et de l\u2019atteinte de ses objectifs et<\/li>\n\n\n\n<li>l\u2019esprit d\u2019\u00e9quipe, la discipline, le respect des r\u00e8gles et d\u2019autrui.<\/li>\n<\/ul>\n\n\n\n<h3 class=\"wp-block-heading\">L&rsquo;administration de l&rsquo;association<\/h3>\n\n\n\n<p>Le CJF Tennis est anim\u00e9 par un conseil d\u2019administration de&nbsp;<strong>11 membres b\u00e9n\u00e9voles<\/strong>&nbsp;et g\u00e9r\u00e9 par un bureau comprenant un pr\u00e9sident, un tr\u00e9sorier, une secr\u00e9taire.<br>Le conseil d\u2019administration se r\u00e9unit une fois par mois. L\u2019association se r\u00e9unit en assembl\u00e9e g\u00e9n\u00e9rale une fois par an.<\/p>\n\n\n\n<p>Le CJF est un club employeur :<\/p>\n\n\n\n<ul class=\"wp-block-list\">\n<li>Deux professeurs dipl\u00f4m\u00e9s d\u2019\u00e9tat, en CDI, \u00e0 maximum 20 heures par semaine,<\/li>\n\n\n\n<li>Une secr\u00e9taire en CDI \u00e0 temps plein,<\/li>\n\n\n\n<li><strong>3 AMT<\/strong>\u00a0(Aide Moniteur Tennis) pour maximum\u00a0<strong>10 heures<\/strong>\u00a0par semaine.<\/li>\n<\/ul>\n\n\n\n<h3 class=\"wp-block-heading\">Les activit\u00e9s de l&rsquo;association<\/h3>\n\n\n\n<p>L\u2019association est une association unisport qui propose diverses pratiques du tennis :<\/p>\n\n\n\n<ul class=\"wp-block-list\">\n<li>Le tennis loisir qui permet aux adh\u00e9rents d\u2019acc\u00e9der, sur r\u00e9servation, \u00e0 nos 4 courts couverts et 9 ext\u00e9rieurs pour se d\u00e9tendre, se faire plaisir et se sociabiliser.<\/li>\n\n\n\n<li>L\u2019apprentissage du tennis avec l\u2019\u00e9cole de tennis<\/li>\n\n\n\n<li>Le tennis fauteuil roulant<\/li>\n\n\n\n<li>Les entrainements<\/li>\n\n\n\n<li>Les cours sp\u00e9cifiques<br>\u2013 Op\u00e9ration \u00ab Et\u00e9 en court \u00bb<br>\u2013 Le tennis sport sant\u00e9 bien \u00eatre.<br>\u2013 les \u00ab corpos \u00bb ou \u00ab Tennis entreprises \u00bb<\/li>\n<\/ul>\n\n\n<div class=\"wp-block-image\">\n<figure class=\"aligncenter size-full\"><img loading=\"lazy\" decoding=\"async\" width=\"301\" height=\"297\" src=\"https:\/\/openparatennisduloiret.fr\/wp-content\/uploads\/2024\/04\/CJF.png\" alt=\"\" class=\"wp-image-454\"\/><\/figure>\n<\/div>","protected":false},"excerpt":{"rendered":"<p>AS HANDISPORT ORL\u00c9ANAIS L\u2019ann\u00e9e 1973 voit la naissance de l\u2019association sportive des handicap\u00e9s de l\u2019orl\u00e9anais. Reconnue par le minist\u00e8re de la jeunesse et sport le 10 d\u00e9cembre 1973, elle deviendra en 1994 Association Handisport Orl\u00e9anais. Pr\u00e9sid\u00e9 par Alain Hardy, celle ci s\u2019affilie \u00e0 la FFHOP. Ce sont les sections natation (avec deux lignes d\u2019eau \u00e0&hellip; <br \/> <a class=\"read-more\" href=\"https:\/\/openparatennisduloiret.fr\/index.php\/actualites\/organisation\/\">Lire la suite<\/a><\/p>\n","protected":false},"author":1,"featured_media":0,"parent":23,"menu_order":3,"comment_status":"closed","ping_status":"closed","template":"","meta":{"_monsterinsights_skip_tracking":false,"_monsterinsights_sitenote_active":false,"_monsterinsights_sitenote_note":"","_monsterinsights_sitenote_category":0,"_uf_show_specific_survey":0,"_uf_disable_surveys":false,"footnotes":""},"class_list":["post-135","page","type-page","status-publish","hentry"],"_links":{"self":[{"href":"https:\/\/openparatennisduloiret.fr\/index.php\/wp-json\/wp\/v2\/pages\/135","targetHints":{"allow":["GET"]}}],"collection":[{"href":"https:\/\/openparatennisduloiret.fr\/index.php\/wp-json\/wp\/v2\/pages"}],"about":[{"href":"https:\/\/openparatennisduloiret.fr\/index.php\/wp-json\/wp\/v2\/types\/page"}],"author":[{"embeddable":true,"href":"https:\/\/openparatennisduloiret.fr\/index.php\/wp-json\/wp\/v2\/users\/1"}],"replies":[{"embeddable":true,"href":"https:\/\/openparatennisduloiret.fr\/index.php\/wp-json\/wp\/v2\/comments?post=135"}],"version-history":[{"count":2,"href":"https:\/\/openparatennisduloiret.fr\/index.php\/wp-json\/wp\/v2\/pages\/135\/revisions"}],"predecessor-version":[{"id":455,"href":"https:\/\/openparatennisduloiret.fr\/index.php\/wp-json\/wp\/v2\/pages\/135\/revisions\/455"}],"up":[{"embeddable":true,"href":"https:\/\/openparatennisduloiret.fr\/index.php\/wp-json\/wp\/v2\/pages\/23"}],"wp:attachment":[{"href":"https:\/\/openparatennisduloiret.fr\/index.php\/wp-json\/wp\/v2\/media?parent=135"}],"curies":[{"name":"wp","href":"https:\/\/api.w.org\/{rel}","templated":true}]}}