{"id":212,"date":"2024-04-20T14:10:14","date_gmt":"2024-04-20T12:10:14","guid":{"rendered":"https:\/\/openparatennisduloiret.fr\/?page_id=212"},"modified":"2026-03-04T09:33:22","modified_gmt":"2026-03-04T08:33:22","slug":"videos","status":"publish","type":"page","link":"https:\/\/openparatennisduloiret.fr\/index.php\/medias\/videos\/","title":{"rendered":"Vid\u00e9os"},"content":{"rendered":"\n<p>Vid\u00e9o r\u00e9sum\u00e9 \u00e9dition 2025<\/p>\n\n\n\n<p><a href=\"https:\/\/youtu.be\/q9juBSPQnvY \">https:\/\/youtu.be\/q9juBSPQnvY <\/a><\/p>\n\n\n\n<p>Interview Sergei LYSOV (ISR) 25\/10\/2025, gagnant de la finale simple hommes<\/p>\n\n\n\n<figure class=\"wp-block-embed is-type-video is-provider-youtube wp-block-embed-youtube wp-embed-aspect-16-9 wp-has-aspect-ratio\"><div class=\"wp-block-embed__wrapper\">\n<div class='embed-container'><iframe loading=\"lazy\" title=\"Interview Sergei LYSOV, gagnant de la finale simples hommes\" width=\"1920\" height=\"1080\" src=\"https:\/\/www.youtube.com\/embed\/aEV2m9cUq5E?feature=oembed\" frameborder=\"0\" allow=\"accelerometer; autoplay; clipboard-write; encrypted-media; gyroscope; picture-in-picture; web-share\" referrerpolicy=\"strict-origin-when-cross-origin\" allowfullscreen><\/iframe><\/div>\n<\/div><\/figure>\n\n\n\n<p>Interview Jiske GRIFFIOEN (NED) 25\/10\/2025, gagnante de la finale simple dames<\/p>\n\n\n\n<figure class=\"wp-block-embed is-type-video is-provider-youtube wp-block-embed-youtube wp-embed-aspect-16-9 wp-has-aspect-ratio\"><div class=\"wp-block-embed__wrapper\">\n<div class='embed-container'><iframe loading=\"lazy\" title=\"Interview Jiske GRIFFIOEN, gagnante de la finale simple dames\" width=\"1920\" height=\"1080\" src=\"https:\/\/www.youtube.com\/embed\/RkIdtzEcbKE?feature=oembed\" frameborder=\"0\" allow=\"accelerometer; autoplay; clipboard-write; encrypted-media; gyroscope; picture-in-picture; web-share\" referrerpolicy=\"strict-origin-when-cross-origin\" allowfullscreen><\/iframe><\/div>\n<\/div><\/figure>\n\n\n\n<p>Interview Ymanitu SILVA (BRA) 25\/10\/2025, gagnant de la finale simple quads<\/p>\n\n\n\n<figure class=\"wp-block-embed is-type-video is-provider-youtube wp-block-embed-youtube wp-embed-aspect-16-9 wp-has-aspect-ratio\"><div class=\"wp-block-embed__wrapper\">\n<div class='embed-container'><iframe loading=\"lazy\" title=\"Interview Ymanitu SILVA\" width=\"1920\" height=\"1080\" src=\"https:\/\/www.youtube.com\/embed\/zGhHBp-2_-0?feature=oembed\" frameborder=\"0\" allow=\"accelerometer; autoplay; clipboard-write; encrypted-media; gyroscope; picture-in-picture; web-share\" referrerpolicy=\"strict-origin-when-cross-origin\" allowfullscreen><\/iframe><\/div>\n<\/div><\/figure>\n\n\n\n<p>Interview Tom EGBERINK (NED) 24\/10\/2025<\/p>\n\n\n\n<figure class=\"wp-block-embed is-type-video is-provider-youtube wp-block-embed-youtube wp-embed-aspect-16-9 wp-has-aspect-ratio\"><div class=\"wp-block-embed__wrapper\">\n<div class='embed-container'><iframe loading=\"lazy\" title=\"Interview Tom EGBERINK\" width=\"1920\" height=\"1080\" src=\"https:\/\/www.youtube.com\/embed\/bTKztpRTiwU?feature=oembed\" frameborder=\"0\" allow=\"accelerometer; autoplay; clipboard-write; encrypted-media; gyroscope; picture-in-picture; web-share\" referrerpolicy=\"strict-origin-when-cross-origin\" allowfullscreen><\/iframe><\/div>\n<\/div><\/figure>\n\n\n\n<p>Interview Jiske GRIFFIOEN (NED) 24\/10\/2025<\/p>\n\n\n\n<figure class=\"wp-block-embed is-type-video is-provider-youtube wp-block-embed-youtube wp-embed-aspect-16-9 wp-has-aspect-ratio\"><div class=\"wp-block-embed__wrapper\">\n<div class='embed-container'><iframe loading=\"lazy\" title=\"Interview Jiske GRIFFIOEN\" width=\"1920\" height=\"1080\" src=\"https:\/\/www.youtube.com\/embed\/qgc0-zSC2hw?feature=oembed\" frameborder=\"0\" allow=\"accelerometer; autoplay; clipboard-write; encrypted-media; gyroscope; picture-in-picture; web-share\" referrerpolicy=\"strict-origin-when-cross-origin\" allowfullscreen><\/iframe><\/div>\n<\/div><\/figure>\n\n\n\n<p>Interview Jinte BOS (NED) 24\/10\/2025<\/p>\n\n\n\n<figure class=\"wp-block-embed is-type-video is-provider-youtube wp-block-embed-youtube wp-embed-aspect-16-9 wp-has-aspect-ratio\"><div class=\"wp-block-embed__wrapper\">\n<div class='embed-container'><iframe loading=\"lazy\" title=\"interview Jinte BOS\" width=\"1920\" height=\"1080\" src=\"https:\/\/www.youtube.com\/embed\/54jWTiwQfpM?feature=oembed\" frameborder=\"0\" allow=\"accelerometer; autoplay; clipboard-write; encrypted-media; gyroscope; picture-in-picture; web-share\" referrerpolicy=\"strict-origin-when-cross-origin\" allowfullscreen><\/iframe><\/div>\n<\/div><\/figure>\n\n\n\n<p>Interview Maarten TER HOFTE (NED) 23\/10\/2025<\/p>\n\n\n\n<figure class=\"wp-block-embed is-type-video is-provider-youtube wp-block-embed-youtube wp-embed-aspect-9-16 wp-has-aspect-ratio\"><div class=\"wp-block-embed__wrapper\">\n<div class='embed-container'><iframe loading=\"lazy\" title=\"Interview Maarten TER HOFTE\" width=\"608\" height=\"1080\" src=\"https:\/\/www.youtube.com\/embed\/-CV0kVvkqQ4?feature=oembed\" frameborder=\"0\" allow=\"accelerometer; autoplay; clipboard-write; encrypted-media; gyroscope; picture-in-picture; web-share\" referrerpolicy=\"strict-origin-when-cross-origin\" allowfullscreen><\/iframe><\/div>\n<\/div><\/figure>\n\n\n\n<p>Interview Daniel Alejandro CAMPAZ ESCOBAR (COL) 23\/10\/2025<\/p>\n\n\n\n<figure class=\"wp-block-embed is-type-video is-provider-youtube wp-block-embed-youtube wp-embed-aspect-16-9 wp-has-aspect-ratio\"><div class=\"wp-block-embed__wrapper\">\n<div class='embed-container'><iframe loading=\"lazy\" title=\"Interview Daniel Alejandro CAMPAZ ESCOBAR\" width=\"1920\" height=\"1080\" src=\"https:\/\/www.youtube.com\/embed\/vCuc2WW4-To?feature=oembed\" frameborder=\"0\" allow=\"accelerometer; autoplay; clipboard-write; encrypted-media; gyroscope; picture-in-picture; web-share\" referrerpolicy=\"strict-origin-when-cross-origin\" allowfullscreen><\/iframe><\/div>\n<\/div><\/figure>\n\n\n\n<p>Interview Lucas SITHOLE (RSA) 23\/10\/2025<\/p>\n\n\n\n<figure class=\"wp-block-embed is-type-video is-provider-youtube wp-block-embed-youtube wp-embed-aspect-9-16 wp-has-aspect-ratio\"><div class=\"wp-block-embed__wrapper\">\n<div class='embed-container'><iframe loading=\"lazy\" title=\"Interview de Lucas SITHOLE (RSA)\" width=\"608\" height=\"1080\" src=\"https:\/\/www.youtube.com\/embed\/1ijMYxHdG_o?feature=oembed\" frameborder=\"0\" allow=\"accelerometer; autoplay; clipboard-write; encrypted-media; gyroscope; picture-in-picture; web-share\" referrerpolicy=\"strict-origin-when-cross-origin\" allowfullscreen><\/iframe><\/div>\n<\/div><\/figure>\n\n\n\n<p>Interview Charlotte FAIRBANK (FRA) 22\/10\/2025<\/p>\n\n\n\n<figure class=\"wp-block-embed is-type-video is-provider-youtube wp-block-embed-youtube wp-embed-aspect-4-3 wp-has-aspect-ratio\"><div class=\"wp-block-embed__wrapper\">\n<div class='embed-container'><iframe loading=\"lazy\" title=\"Interview FAIRBANK Charlotte\" width=\"608\" height=\"1080\" src=\"https:\/\/www.youtube.com\/embed\/sTQTZsXs-3U?feature=oembed\" frameborder=\"0\" allow=\"accelerometer; autoplay; clipboard-write; encrypted-media; gyroscope; picture-in-picture; web-share\" referrerpolicy=\"strict-origin-when-cross-origin\" allowfullscreen><\/iframe><\/div>\n<\/div><\/figure>\n\n\n\n<p>Interview Ga\u00ebtan MENGUY (FRA) 22\/10\/2025<\/p>\n\n\n\n<figure class=\"wp-block-embed is-type-video is-provider-youtube wp-block-embed-youtube wp-embed-aspect-4-3 wp-has-aspect-ratio\"><div class=\"wp-block-embed__wrapper\">\n<div class='embed-container'><iframe loading=\"lazy\" title=\"Interview de Ga\u00ebtan MENGUY\" width=\"608\" height=\"1080\" src=\"https:\/\/www.youtube.com\/embed\/5ludg_T5K2E?feature=oembed\" frameborder=\"0\" allow=\"accelerometer; autoplay; clipboard-write; encrypted-media; gyroscope; picture-in-picture; web-share\" referrerpolicy=\"strict-origin-when-cross-origin\" allowfullscreen><\/iframe><\/div>\n<\/div><\/figure>\n\n\n\n<p>Interview Justin MICHEL (FRA) 21\/10\/2025<\/p>\n\n\n\n<figure class=\"wp-block-embed is-type-video is-provider-youtube wp-block-embed-youtube wp-embed-aspect-9-16 wp-has-aspect-ratio\"><div class=\"wp-block-embed__wrapper\">\n<div class='embed-container'><iframe loading=\"lazy\" title=\"MICHEL Justin\" width=\"608\" height=\"1080\" src=\"https:\/\/www.youtube.com\/embed\/L_JDPxlhQbA?feature=oembed\" frameborder=\"0\" allow=\"accelerometer; autoplay; clipboard-write; encrypted-media; gyroscope; picture-in-picture; web-share\" referrerpolicy=\"strict-origin-when-cross-origin\" allowfullscreen><\/iframe><\/div>\n<\/div><\/figure>\n\n\n\n<p>25 ans, 25 tournois, 25 affiches &#8211; 15\/10\/2025<\/p>\n\n\n\n<figure class=\"wp-block-video\"><video height=\"1080\" style=\"aspect-ratio: 1080 \/ 1080;\" width=\"1080\" controls src=\"https:\/\/openparatennisduloiret.fr\/wp-content\/uploads\/2025\/10\/Historique.mp4\"><\/video><\/figure>\n\n\n\n<p>Clip promo \u00e9dition 2025 &#8211; 01\/07\/2025<\/p>\n\n\n\n<p><a href=\"https:\/\/youtu.be\/cBtjOauyEB8 \">https:\/\/youtu.be\/cBtjOauyEB8 <\/a><\/p>\n\n\n\n<p>L&rsquo;affiche 2025 d\u00e9voil\u00e9e &#8211; 24\/06\/2025<\/p>\n\n\n\n<figure class=\"wp-block-embed is-type-video is-provider-youtube wp-block-embed-youtube wp-embed-aspect-16-9 wp-has-aspect-ratio\"><div class=\"wp-block-embed__wrapper\">\n<div class='embed-container'><iframe loading=\"lazy\" title=\"L&#039;affiche 2025 de l&#039;Open Paratennis du Loiret d\u00e9voil\u00e9e\" width=\"1920\" height=\"1080\" src=\"https:\/\/www.youtube.com\/embed\/BBmRleRkKWM?feature=oembed\" frameborder=\"0\" allow=\"accelerometer; autoplay; clipboard-write; encrypted-media; gyroscope; picture-in-picture; web-share\" referrerpolicy=\"strict-origin-when-cross-origin\" allowfullscreen><\/iframe><\/div>\n<\/div><\/figure>\n\n\n\n<p><\/p>\n","protected":false},"excerpt":{"rendered":"<p>Vid\u00e9o r\u00e9sum\u00e9 \u00e9dition 2025 https:\/\/youtu.be\/q9juBSPQnvY Interview Sergei LYSOV (ISR) 25\/10\/2025, gagnant de la finale simple hommes Interview Jiske GRIFFIOEN (NED) 25\/10\/2025, gagnante de la finale simple dames Interview Ymanitu SILVA (BRA) 25\/10\/2025, gagnant de la finale simple quads Interview Tom EGBERINK (NED) 24\/10\/2025 Interview Jiske GRIFFIOEN (NED) 24\/10\/2025 Interview Jinte BOS (NED) 24\/10\/2025 Interview Maarten&hellip; <br \/> <a class=\"read-more\" href=\"https:\/\/openparatennisduloiret.fr\/index.php\/medias\/videos\/\">Lire la suite<\/a><\/p>\n","protected":false},"author":1,"featured_media":910,"parent":31,"menu_order":2,"comment_status":"closed","ping_status":"closed","template":"","meta":{"_monsterinsights_skip_tracking":false,"_monsterinsights_sitenote_active":false,"_monsterinsights_sitenote_note":"","_monsterinsights_sitenote_category":0,"_uf_show_specific_survey":0,"_uf_disable_surveys":false,"footnotes":""},"class_list":["post-212","page","type-page","status-publish","has-post-thumbnail","hentry"],"_links":{"self":[{"href":"https:\/\/openparatennisduloiret.fr\/index.php\/wp-json\/wp\/v2\/pages\/212","targetHints":{"allow":["GET"]}}],"collection":[{"href":"https:\/\/openparatennisduloiret.fr\/index.php\/wp-json\/wp\/v2\/pages"}],"about":[{"href":"https:\/\/openparatennisduloiret.fr\/index.php\/wp-json\/wp\/v2\/types\/page"}],"author":[{"embeddable":true,"href":"https:\/\/openparatennisduloiret.fr\/index.php\/wp-json\/wp\/v2\/users\/1"}],"replies":[{"embeddable":true,"href":"https:\/\/openparatennisduloiret.fr\/index.php\/wp-json\/wp\/v2\/comments?post=212"}],"version-history":[{"count":58,"href":"https:\/\/openparatennisduloiret.fr\/index.php\/wp-json\/wp\/v2\/pages\/212\/revisions"}],"predecessor-version":[{"id":4104,"href":"https:\/\/openparatennisduloiret.fr\/index.php\/wp-json\/wp\/v2\/pages\/212\/revisions\/4104"}],"up":[{"embeddable":true,"href":"https:\/\/openparatennisduloiret.fr\/index.php\/wp-json\/wp\/v2\/pages\/31"}],"wp:featuredmedia":[{"embeddable":true,"href":"https:\/\/openparatennisduloiret.fr\/index.php\/wp-json\/wp\/v2\/media\/910"}],"wp:attachment":[{"href":"https:\/\/openparatennisduloiret.fr\/index.php\/wp-json\/wp\/v2\/media?parent=212"}],"curies":[{"name":"wp","href":"https:\/\/api.w.org\/{rel}","templated":true}]}}