{"id":214,"date":"2024-04-20T14:10:48","date_gmt":"2024-04-20T12:10:48","guid":{"rendered":"https:\/\/openparatennisduloiret.fr\/?page_id=214"},"modified":"2024-11-11T17:39:46","modified_gmt":"2024-11-11T16:39:46","slug":"galerie-photos","status":"publish","type":"page","link":"https:\/\/openparatennisduloiret.fr\/index.php\/medias\/galerie-photos\/","title":{"rendered":"Galerie photos"},"content":{"rendered":"\n<p>Vous pouvez retrouver toutes les photos de l\u2019Open Paratennis du Loiret 2024 sur notre page flickr, ainsi que celles des 3 \u00e9ditions pr\u00e9c\u00e9dentes<\/p>\n\n\n\n<p><a href=\"https:\/\/www.flickr.com\/photos\/157672180@N05\/albums\">https:\/\/www.flickr.com\/photos\/157672180@N05\/albums<\/a><\/p>\n","protected":false},"excerpt":{"rendered":"<p>Vous pouvez retrouver toutes les photos de l\u2019Open Paratennis du Loiret 2024 sur notre page flickr, ainsi que celles des 3 \u00e9ditions pr\u00e9c\u00e9dentes https:\/\/www.flickr.com\/photos\/157672180@N05\/albums<\/p>\n","protected":false},"author":1,"featured_media":0,"parent":31,"menu_order":3,"comment_status":"closed","ping_status":"closed","template":"","meta":{"_monsterinsights_skip_tracking":false,"_monsterinsights_sitenote_active":false,"_monsterinsights_sitenote_note":"","_monsterinsights_sitenote_category":0,"_uf_show_specific_survey":0,"_uf_disable_surveys":false,"footnotes":""},"class_list":["post-214","page","type-page","status-publish","hentry"],"_links":{"self":[{"href":"https:\/\/openparatennisduloiret.fr\/index.php\/wp-json\/wp\/v2\/pages\/214","targetHints":{"allow":["GET"]}}],"collection":[{"href":"https:\/\/openparatennisduloiret.fr\/index.php\/wp-json\/wp\/v2\/pages"}],"about":[{"href":"https:\/\/openparatennisduloiret.fr\/index.php\/wp-json\/wp\/v2\/types\/page"}],"author":[{"embeddable":true,"href":"https:\/\/openparatennisduloiret.fr\/index.php\/wp-json\/wp\/v2\/users\/1"}],"replies":[{"embeddable":true,"href":"https:\/\/openparatennisduloiret.fr\/index.php\/wp-json\/wp\/v2\/comments?post=214"}],"version-history":[{"count":3,"href":"https:\/\/openparatennisduloiret.fr\/index.php\/wp-json\/wp\/v2\/pages\/214\/revisions"}],"predecessor-version":[{"id":1998,"href":"https:\/\/openparatennisduloiret.fr\/index.php\/wp-json\/wp\/v2\/pages\/214\/revisions\/1998"}],"up":[{"embeddable":true,"href":"https:\/\/openparatennisduloiret.fr\/index.php\/wp-json\/wp\/v2\/pages\/31"}],"wp:attachment":[{"href":"https:\/\/openparatennisduloiret.fr\/index.php\/wp-json\/wp\/v2\/media?parent=214"}],"curies":[{"name":"wp","href":"https:\/\/api.w.org\/{rel}","templated":true}]}}